{"id":1293,"date":"2020-07-08T12:34:11","date_gmt":"2020-07-08T10:34:11","guid":{"rendered":"https:\/\/mazacam.braindinx.de\/?page_id=1293"},"modified":"2020-07-31T13:59:34","modified_gmt":"2020-07-31T11:59:34","slug":"videos","status":"publish","type":"page","link":"https:\/\/www.mazacam.de\/en\/videos\/","title":{"rendered":"Videos"},"content":{"rendered":"\n<div class=\"wp-block-columns is-layout-flex wp-container-4 wp-block-columns-is-layout-flex\">\n<div class=\"wp-block-column is-layout-flow wp-block-column-is-layout-flow\">\n<figure class=\"wp-block-embed-youtube wp-block-embed is-type-video is-provider-youtube wp-embed-aspect-16-9 wp-has-aspect-ratio\"><div class=\"wp-block-embed__wrapper\">\n<iframe loading=\"lazy\" title=\"Gravieren f\u00fcr Mazak C-Achsen Maschinen mit MazaCAM\" width=\"1280\" height=\"720\" src=\"https:\/\/www.youtube.com\/embed\/L1o5mbdrg60?feature=oembed\" frameborder=\"0\" allow=\"accelerometer; autoplay; encrypted-media; gyroscope; picture-in-picture\" allowfullscreen><\/iframe>\n<\/div><figcaption><strong>Gravieren mit C-Achse auf Mazak Drehmaschine<\/strong><br>Kategorie: Drehen<br>System: MazaCAM CAD\/CAM 2D<\/figcaption><\/figure>\n<\/div>\n\n\n\n<div class=\"wp-block-column is-layout-flow wp-block-column-is-layout-flow\">\n<figure class=\"wp-block-embed-youtube wp-block-embed is-type-video is-provider-youtube wp-embed-aspect-16-9 wp-has-aspect-ratio\"><div class=\"wp-block-embed__wrapper\">\n<iframe loading=\"lazy\" title=\"Gravieren auf Mazak Variaxis mit MazaCAM\" width=\"1280\" height=\"720\" src=\"https:\/\/www.youtube.com\/embed\/ImB2vWTllZI?feature=oembed\" frameborder=\"0\" allow=\"accelerometer; autoplay; encrypted-media; gyroscope; picture-in-picture\" allowfullscreen><\/iframe>\n<\/div><figcaption><strong>Gravieren auf Mazak Variaxis<\/strong><br>Kategorie: Fr\u00e4sen<br>System: MazaCAM CAD\/CAM 2D<\/figcaption><\/figure>\n\n\n\n<p><\/p>\n<\/div>\n\n\n\n<div class=\"wp-block-column is-layout-flow wp-block-column-is-layout-flow\">\n<figure class=\"wp-block-embed-youtube wp-block-embed is-type-video is-provider-youtube wp-embed-aspect-16-9 wp-has-aspect-ratio\"><div class=\"wp-block-embed__wrapper\">\n<iframe loading=\"lazy\" title=\"MazaCAM CAD-Import: kurz Tutorial\" width=\"1280\" height=\"720\" src=\"https:\/\/www.youtube.com\/embed\/PuHYqqeYb9A?feature=oembed\" frameborder=\"0\" allow=\"accelerometer; autoplay; encrypted-media; gyroscope; picture-in-picture\" allowfullscreen><\/iframe>\n<\/div><figcaption><strong>CAD-Import \u2013 Kurz Tutorial<\/strong><br>Kategorie: Tutorial<br>System: MazaCAM CAD-Import<\/figcaption><\/figure>\n<\/div>\n<\/div>\n\n\n\n<div class=\"wp-block-columns is-layout-flex wp-container-8 wp-block-columns-is-layout-flex\">\n<div class=\"wp-block-column is-layout-flow wp-block-column-is-layout-flow\">\n<figure class=\"wp-block-embed-youtube wp-block-embed is-type-video is-provider-youtube wp-embed-aspect-16-9 wp-has-aspect-ratio\"><div class=\"wp-block-embed__wrapper\">\n<iframe loading=\"lazy\" title=\"Dynamisches Fr\u00e4sen auf Mazak - TPC Fr\u00e4sen - trochoidal Fr\u00e4sen\" width=\"1280\" height=\"720\" src=\"https:\/\/www.youtube.com\/embed\/4EnpJxSncJA?feature=oembed\" frameborder=\"0\" allow=\"accelerometer; autoplay; encrypted-media; gyroscope; picture-in-picture\" allowfullscreen><\/iframe>\n<\/div><figcaption><strong>Dynamisches Fr\u00e4sen auf Mazak<\/strong><br>Kategorie: Fr\u00e4sen<br>System: MazaCAM CAD\/CAM 2D + Trochoidal Option<\/figcaption><\/figure>\n<\/div>\n\n\n\n<div class=\"wp-block-column is-layout-flow wp-block-column-is-layout-flow\">\n<figure class=\"wp-block-embed-youtube wp-block-embed is-type-video is-provider-youtube wp-embed-aspect-16-9 wp-has-aspect-ratio\"><div class=\"wp-block-embed__wrapper\">\n<iframe loading=\"lazy\" title=\"MazaCAM: Kundenmeinungen - Customer reviews\" width=\"1280\" height=\"720\" src=\"https:\/\/www.youtube.com\/embed\/jT-4Je7ZqRk?feature=oembed\" frameborder=\"0\" allow=\"accelerometer; autoplay; encrypted-media; gyroscope; picture-in-picture\" allowfullscreen><\/iframe>\n<\/div><figcaption><strong>Kundenmeinungen zu MazaCAM<\/strong><br>Kategorie: Referenzen<br>System: MazaCAM<\/figcaption><\/figure>\n<\/div>\n\n\n\n<div class=\"wp-block-column is-layout-flow wp-block-column-is-layout-flow\">\n<figure class=\"wp-block-embed-youtube wp-block-embed is-type-video is-provider-youtube wp-embed-aspect-16-9 wp-has-aspect-ratio\"><div class=\"wp-block-embed__wrapper\">\n<iframe loading=\"lazy\" title=\"MazaCAM CADCAM 2D und 3D f\u00fcr Mazak\" width=\"1280\" height=\"720\" src=\"https:\/\/www.youtube.com\/embed\/x6OTNaYqmX8?feature=oembed\" frameborder=\"0\" allow=\"accelerometer; autoplay; encrypted-media; gyroscope; picture-in-picture\" allowfullscreen><\/iframe>\n<\/div><figcaption><strong>Kombiniertes 2D und 3D fr\u00e4sen f\u00fcr Mazatrol<\/strong><br>Kategorie: Fr\u00e4sen<br>System: MazaCAM CAD\/CAM 3D<\/figcaption><\/figure>\n<\/div>\n<\/div>\n\n\n\n<div class=\"wp-block-columns is-layout-flex wp-container-12 wp-block-columns-is-layout-flex\">\n<div class=\"wp-block-column is-layout-flow wp-block-column-is-layout-flow\">\n<figure class=\"wp-block-embed-youtube wp-block-embed is-type-video is-provider-youtube wp-embed-aspect-16-9 wp-has-aspect-ratio\"><div class=\"wp-block-embed__wrapper\">\n<iframe loading=\"lazy\" title=\"Mazak QT250M programmiert mit MazaCAM Editor und CAD-Import\" width=\"1280\" height=\"720\" src=\"https:\/\/www.youtube.com\/embed\/AYyz0Pj1qCY?feature=oembed\" frameborder=\"0\" allow=\"accelerometer; autoplay; encrypted-media; gyroscope; picture-in-picture\" allowfullscreen><\/iframe>\n<\/div><figcaption><strong>Dreh.-Fr\u00e4sen mit CAD-Import<\/strong><br>Kategorie: Drehen<br>System: MazaCAM CAD-Import<\/figcaption><\/figure>\n<\/div>\n\n\n\n<div class=\"wp-block-column is-layout-flow wp-block-column-is-layout-flow\">\n<figure class=\"wp-block-embed-youtube wp-block-embed is-type-video is-provider-youtube wp-embed-aspect-16-9 wp-has-aspect-ratio\"><div class=\"wp-block-embed__wrapper\">\n<iframe loading=\"lazy\" title=\"Mazak 3D-HSM schruppen und schlichten mit MazaCAM\" width=\"1280\" height=\"720\" src=\"https:\/\/www.youtube.com\/embed\/bOLKZeEF7ww?feature=oembed\" frameborder=\"0\" allow=\"accelerometer; autoplay; encrypted-media; gyroscope; picture-in-picture\" allowfullscreen><\/iframe>\n<\/div><figcaption><strong>3D Fr\u00e4sen f\u00fcr Mazak<\/strong><br>Kategorie: Fr\u00e4sen<br>System: MazaCAM CAD\/CAM 3D<\/figcaption><\/figure>\n<\/div>\n\n\n\n<div class=\"wp-block-column is-layout-flow wp-block-column-is-layout-flow\">\n<figure class=\"wp-block-embed-youtube wp-block-embed is-type-video is-provider-youtube wp-embed-aspect-16-9 wp-has-aspect-ratio\"><div class=\"wp-block-embed__wrapper\">\n<iframe loading=\"lazy\" title=\"Mazak 5 Achsen Bearbeitung mit MazaCAM CAD\/CAM\" width=\"1280\" height=\"720\" src=\"https:\/\/www.youtube.com\/embed\/IIEnk-ysZnA?feature=oembed\" frameborder=\"0\" allow=\"accelerometer; autoplay; encrypted-media; gyroscope; picture-in-picture\" allowfullscreen><\/iframe>\n<\/div><figcaption><strong>Mazatrol 5-Achsen Bearbeitung<\/strong><br>Kategorie: Fr\u00e4sen<br>System: MazaCAM CAD\/CAM 2D<\/figcaption><\/figure>\n<\/div>\n<\/div>\n\n\n\n<div class=\"wp-block-columns is-layout-flex wp-container-16 wp-block-columns-is-layout-flex\">\n<div class=\"wp-block-column is-layout-flow wp-block-column-is-layout-flow\">\n<figure class=\"wp-block-embed-youtube wp-block-embed is-type-video is-provider-youtube wp-embed-aspect-16-9 wp-has-aspect-ratio\"><div class=\"wp-block-embed__wrapper\">\n<iframe loading=\"lazy\" title=\"MazaCAM offline Programmierung f\u00fcr Mazak und Mazatrol\" width=\"1280\" height=\"720\" src=\"https:\/\/www.youtube.com\/embed\/mW4Fl2iC5RE?feature=oembed\" frameborder=\"0\" allow=\"accelerometer; autoplay; encrypted-media; gyroscope; picture-in-picture\" allowfullscreen><\/iframe>\n<\/div><figcaption><strong>Offline Programmierung mit MazaCAM<\/strong><br>Kategorie: Sonstiges<br>System: MazaCAM<\/figcaption><\/figure>\n<\/div>\n\n\n\n<div class=\"wp-block-column is-layout-flow wp-block-column-is-layout-flow\">\n<figure class=\"wp-block-embed-youtube wp-block-embed is-type-video is-provider-youtube wp-embed-aspect-16-9 wp-has-aspect-ratio\"><div class=\"wp-block-embed__wrapper\">\n<iframe loading=\"lazy\" title=\"Mazak trochoidal fr\u00e4sen : MazaCAM trochoidal fr\u00e4sen aus 3D STEP\" width=\"1280\" height=\"720\" src=\"https:\/\/www.youtube.com\/embed\/xqTBgTM6jR8?feature=oembed\" frameborder=\"0\" allow=\"accelerometer; autoplay; encrypted-media; gyroscope; picture-in-picture\" allowfullscreen><\/iframe>\n<\/div><figcaption><strong>Trochoidal-Fr\u00e4sprogramm aus STEP Modell erstellen<\/strong><br>Kategorie: Fr\u00e4sen<br>System: MazaCAM CAD\/CAM 2D + Trochoidal Option<\/figcaption><\/figure>\n<\/div>\n\n\n\n<div class=\"wp-block-column is-layout-flow wp-block-column-is-layout-flow\">\n<figure class=\"wp-block-embed-youtube wp-block-embed is-type-video is-provider-youtube wp-embed-aspect-16-9 wp-has-aspect-ratio\"><div class=\"wp-block-embed__wrapper\">\n<iframe loading=\"lazy\" title=\"Mazak trochoidal fr\u00e4sen: MazaCAM trochoidal aus 2D DXF\" width=\"1280\" height=\"720\" src=\"https:\/\/www.youtube.com\/embed\/XpV9Ib2jweU?feature=oembed\" frameborder=\"0\" allow=\"accelerometer; autoplay; encrypted-media; gyroscope; picture-in-picture\" allowfullscreen><\/iframe>\n<\/div><figcaption><strong>Trochoidal-Fr\u00e4sprogramm aus DXF erstellen<\/strong><br>Kategorie: Fr\u00e4sen<br>System: MazaCAM CAD\/CAM 2D + Trochoidal Option<\/figcaption><\/figure>\n<\/div>\n<\/div>\n\n\n\n<div class=\"wp-block-columns is-layout-flex wp-container-20 wp-block-columns-is-layout-flex\">\n<div class=\"wp-block-column is-layout-flow wp-block-column-is-layout-flow\">\n<figure class=\"wp-block-embed-youtube wp-block-embed is-type-video is-provider-youtube wp-embed-aspect-16-9 wp-has-aspect-ratio\"><div class=\"wp-block-embed__wrapper\">\n<iframe loading=\"lazy\" title=\"Mazak 3D Bearbeitung aus MazaCAM: Mazatrol CAD CAM mit 3D\" width=\"1280\" height=\"720\" src=\"https:\/\/www.youtube.com\/embed\/Y7wjpCfKzVo?feature=oembed\" frameborder=\"0\" allow=\"accelerometer; autoplay; encrypted-media; gyroscope; picture-in-picture\" allowfullscreen><\/iframe>\n<\/div><figcaption><strong>3D-Bearbeitung in Mazatrol Programm<\/strong><br>Kategorie: Fr\u00e4sen<br>System: MazaCAM CAD\/CAM 3D<\/figcaption><\/figure>\n<\/div>\n\n\n\n<div class=\"wp-block-column is-layout-flow wp-block-column-is-layout-flow\">\n<figure class=\"wp-block-embed-youtube wp-block-embed is-type-video is-provider-youtube wp-embed-aspect-16-9 wp-has-aspect-ratio\"><div class=\"wp-block-embed__wrapper\">\n<iframe loading=\"lazy\" title=\"Mazak 3D Bearbeitung aus MazaCAM: Mazatrol CAD CAM mit 3D\" width=\"1280\" height=\"720\" src=\"https:\/\/www.youtube.com\/embed\/Y7wjpCfKzVo?feature=oembed\" frameborder=\"0\" allow=\"accelerometer; autoplay; encrypted-media; gyroscope; picture-in-picture\" allowfullscreen><\/iframe>\n<\/div><figcaption><strong>3D-Bearbeitzung mit HSM-Schruppen<\/strong><br>Kategorie: Fr\u00e4sen<br>System: MazaCAM CAD\/CAM 3D<\/figcaption><\/figure>\n<\/div>\n\n\n\n<div class=\"wp-block-column is-layout-flow wp-block-column-is-layout-flow\">\n<figure class=\"wp-block-embed-youtube wp-block-embed is-type-video is-provider-youtube wp-embed-aspect-16-9 wp-has-aspect-ratio\"><div class=\"wp-block-embed__wrapper\">\n<iframe loading=\"lazy\" title=\"Mazak Integrex Fusion zu Matrix i\/e\/j-Serie konvertieren\" width=\"1280\" height=\"720\" src=\"https:\/\/www.youtube.com\/embed\/zW4hEwjP0tU?feature=oembed\" frameborder=\"0\" allow=\"accelerometer; autoplay; encrypted-media; gyroscope; picture-in-picture\" allowfullscreen><\/iframe>\n<\/div><figcaption><strong>Integrex Fusion640 zu Matrix 2 konvertieren<\/strong><br>Kategorie: Konvertieren<br>System: MazaCAM Editor Perfomance<\/figcaption><\/figure>\n<\/div>\n<\/div>\n\n\n\n<div class=\"wp-block-columns is-layout-flex wp-container-24 wp-block-columns-is-layout-flex\">\n<div class=\"wp-block-column is-layout-flow wp-block-column-is-layout-flow\">\n<figure class=\"wp-block-embed-youtube wp-block-embed is-type-video is-provider-youtube wp-embed-aspect-16-9 wp-has-aspect-ratio\"><div class=\"wp-block-embed__wrapper\">\n<iframe loading=\"lazy\" title=\"MazaCAM: Abzeilen von 3D Konturen in Mazatrol\" width=\"1280\" height=\"720\" src=\"https:\/\/www.youtube.com\/embed\/iEhkWk68Buw?feature=oembed\" frameborder=\"0\" allow=\"accelerometer; autoplay; encrypted-media; gyroscope; picture-in-picture\" allowfullscreen><\/iframe>\n<\/div><figcaption><strong>Abzeilen in Mazatrol Einheiten<\/strong><br>Kategorie: Fr\u00e4sen<br>System: MazaCAM CAD\/CAM 3D<\/figcaption><\/figure>\n<\/div>\n\n\n\n<div class=\"wp-block-column is-layout-flow wp-block-column-is-layout-flow\">\n<figure class=\"wp-block-embed-youtube wp-block-embed is-type-video is-provider-youtube wp-embed-aspect-16-9 wp-has-aspect-ratio\"><div class=\"wp-block-embed__wrapper\">\n<iframe loading=\"lazy\" title=\"Mazak-Gravieren f\u00fcr Mazatrol  mit MazaCAM CADCAM\" width=\"1280\" height=\"720\" src=\"https:\/\/www.youtube.com\/embed\/wNBnchDyCtI?feature=oembed\" frameborder=\"0\" allow=\"accelerometer; autoplay; encrypted-media; gyroscope; picture-in-picture\" allowfullscreen><\/iframe>\n<\/div><figcaption><strong>Gravieren am Umfang und Fl\u00e4chen<\/strong><br>Kategorie: Tutorial<br>System: MazaCAM CAD\/CAM 2D<\/figcaption><\/figure>\n<\/div>\n\n\n\n<div class=\"wp-block-column is-layout-flow wp-block-column-is-layout-flow\">\n<figure class=\"wp-block-embed-youtube wp-block-embed is-type-video is-provider-youtube wp-embed-aspect-16-9 wp-has-aspect-ratio\"><div class=\"wp-block-embed__wrapper\">\n<iframe loading=\"lazy\" title=\"Mazak Daten\u00fcbertragung und Datenverwaltung f\u00fcr Mazatrol - MazaCAM DNC, Editor, CAD CAM\" width=\"1280\" height=\"720\" src=\"https:\/\/www.youtube.com\/embed\/CMKuQtC229Q?feature=oembed\" frameborder=\"0\" allow=\"accelerometer; autoplay; encrypted-media; gyroscope; picture-in-picture\" allowfullscreen><\/iframe>\n<\/div><figcaption><strong>MazaCAM Datenverwaltung<\/strong><br>Kategorie: Tutorial<br>System: MazaCAM Editor Performance<\/figcaption><\/figure>\n<\/div>\n<\/div>\n","protected":false},"excerpt":{"rendered":"Gravieren mit C-Achse auf Mazak DrehmaschineKategorie: DrehenSystem: MazaCAM CAD\/CAM 2D Gravieren auf Mazak[&#8230;]","protected":false},"author":5,"featured_media":0,"parent":0,"menu_order":99,"comment_status":"closed","ping_status":"closed","template":"","meta":{"footnotes":""},"acf":[],"_links":{"self":[{"href":"https:\/\/www.mazacam.de\/en\/wp-json\/wp\/v2\/pages\/1293"}],"collection":[{"href":"https:\/\/www.mazacam.de\/en\/wp-json\/wp\/v2\/pages"}],"about":[{"href":"https:\/\/www.mazacam.de\/en\/wp-json\/wp\/v2\/types\/page"}],"author":[{"embeddable":true,"href":"https:\/\/www.mazacam.de\/en\/wp-json\/wp\/v2\/users\/5"}],"replies":[{"embeddable":true,"href":"https:\/\/www.mazacam.de\/en\/wp-json\/wp\/v2\/comments?post=1293"}],"version-history":[{"count":0,"href":"https:\/\/www.mazacam.de\/en\/wp-json\/wp\/v2\/pages\/1293\/revisions"}],"wp:attachment":[{"href":"https:\/\/www.mazacam.de\/en\/wp-json\/wp\/v2\/media?parent=1293"}],"curies":[{"name":"wp","href":"https:\/\/api.w.org\/{rel}","templated":true}]}}