{"id":1166,"date":"2020-06-26T09:26:51","date_gmt":"2020-06-26T07:26:51","guid":{"rendered":"https:\/\/mazacam.braindinx.de\/?page_id=1166"},"modified":"2020-10-13T09:49:45","modified_gmt":"2020-10-13T07:49:45","slug":"miheu","status":"publish","type":"page","link":"https:\/\/www.mazacam.de\/en\/organization\/reference-customers\/miheu\/","title":{"rendered":"MIHEU"},"content":{"rendered":"\n<div class=\"wp-block-columns is-layout-flex wp-container-4 wp-block-columns-is-layout-flex\">\n<div class=\"wp-block-column is-layout-flow wp-block-column-is-layout-flow\" style=\"flex-basis:66.66%\">\n<h2 class=\"wp-block-heading\">About Miheu<\/h2>\n\n\n\n<p>Throughout its existence, the company has grown and evolved to meet customers&#8217; individual needs. Starting from a workshop for hardening, tempering and case hardening, it has developed into a heat treatment center with a large number of additional services. The company continues to grow while maintaining the flexibility and responsiveness of smaller systems.<\/p>\n\n\n\n<p>In addition to our heat treatment offerings, CNC machining on high-performance milling centers is another line of business at Miheu. Advising the customer to find the right solution is the basic approach to a successful partnership.<\/p>\n\n\n\n<h2 class=\"wp-block-heading\">Miheu about MazaCAM<\/h2>\n\n\n\n<p>&#8220;We are very happy with the MazaCAM software, as well as with the support. The program is very flexible considering that we have machines from the M32 controller to the SMOOTH controller. We use a programming program from STP files and also from DXF files. Converting between controls. Saving programs is very easy. Everything is in one database and very transparent&#8221;<\/p>\n\n\n\n<figure class=\"wp-block-image size-large\"><img decoding=\"async\" loading=\"lazy\" width=\"1024\" height=\"498\" src=\"https:\/\/www.mazacam.de\/wp-content\/uploads\/2020\/07\/20200714_060208-1024x498.jpg\" alt=\"MazaCAM Referenzkunde Miheu\" class=\"wp-image-1725\" srcset=\"https:\/\/www.mazacam.de\/wp-content\/uploads\/2020\/07\/20200714_060208-1024x498.jpg 1024w, https:\/\/www.mazacam.de\/wp-content\/uploads\/2020\/07\/20200714_060208-300x146.jpg 300w, https:\/\/www.mazacam.de\/wp-content\/uploads\/2020\/07\/20200714_060208-768x373.jpg 768w, https:\/\/www.mazacam.de\/wp-content\/uploads\/2020\/07\/20200714_060208-1536x747.jpg 1536w, https:\/\/www.mazacam.de\/wp-content\/uploads\/2020\/07\/20200714_060208-2048x996.jpg 2048w\" sizes=\"(max-width: 1024px) 100vw, 1024px\" \/><\/figure>\n<\/div>\n\n\n\n<div class=\"wp-block-column is-layout-flow wp-block-column-is-layout-flow\" style=\"flex-basis:33.33%\">\n<h2 class=\"wp-block-heading\">MazaCAM products<\/h2>\n\n\n\n<p><a class=\"rank-math-link\" href=\"https:\/\/www.mazacam.de\/anwendungen\/mazacam-cad-cam\/\">MazaCAM CAD\/CAM 2D<\/a><\/p>\n\n\n\n<div style=\"height:30px\" aria-hidden=\"true\" class=\"wp-block-spacer\"><\/div>\n\n\n\n<h2 class=\"wp-block-heading\">Kunde<\/h2>\n\n\n\n<figure class=\"wp-block-image size-large\"><img decoding=\"async\" loading=\"lazy\" width=\"230\" height=\"143\" src=\"https:\/\/www.mazacam.de\/wp-content\/uploads\/2020\/06\/mazacam-referenzkunden-miheu.png\" alt=\"MazaCAM Referenzkunden Miheu\" class=\"wp-image-764\"\/><\/figure>\n\n\n\n<p>MIHEU, termicna in strojna obdelava kovin, d.o.o.<br>\u0160entjan\u017e pri Dravogradu 176<br>SLO-2373 \u0160entjan\u017e pri Dravogradu<\/p>\n\n\n\n<div class=\"wp-block-buttons is-layout-flex wp-block-buttons-is-layout-flex\">\n<div class=\"wp-block-button\"><a class=\"wp-block-button__link no-border-radius\" href=\"https:\/\/www.miheuprecision.com\/\" target=\"_blank\" rel=\"noreferrer noopener\">Go to Miheu\u00b4s website<\/a><\/div>\n<\/div>\n<\/div>\n<\/div>\n","protected":false},"excerpt":{"rendered":"About Miheu Throughout its existence, the company has grown and evolved to meet[&#8230;]","protected":false},"author":5,"featured_media":764,"parent":960,"menu_order":101,"comment_status":"closed","ping_status":"closed","template":"","meta":{"footnotes":""},"acf":[],"_links":{"self":[{"href":"https:\/\/www.mazacam.de\/en\/wp-json\/wp\/v2\/pages\/1166"}],"collection":[{"href":"https:\/\/www.mazacam.de\/en\/wp-json\/wp\/v2\/pages"}],"about":[{"href":"https:\/\/www.mazacam.de\/en\/wp-json\/wp\/v2\/types\/page"}],"author":[{"embeddable":true,"href":"https:\/\/www.mazacam.de\/en\/wp-json\/wp\/v2\/users\/5"}],"replies":[{"embeddable":true,"href":"https:\/\/www.mazacam.de\/en\/wp-json\/wp\/v2\/comments?post=1166"}],"version-history":[{"count":0,"href":"https:\/\/www.mazacam.de\/en\/wp-json\/wp\/v2\/pages\/1166\/revisions"}],"up":[{"embeddable":true,"href":"https:\/\/www.mazacam.de\/en\/wp-json\/wp\/v2\/pages\/960"}],"wp:featuredmedia":[{"embeddable":true,"href":"https:\/\/www.mazacam.de\/en\/wp-json\/wp\/v2\/media\/764"}],"wp:attachment":[{"href":"https:\/\/www.mazacam.de\/en\/wp-json\/wp\/v2\/media?parent=1166"}],"curies":[{"name":"wp","href":"https:\/\/api.w.org\/{rel}","templated":true}]}}