{"id":1152,"date":"2020-06-26T09:12:47","date_gmt":"2020-06-26T07:12:47","guid":{"rendered":"https:\/\/mazacam.braindinx.de\/?page_id=1152"},"modified":"2021-02-18T13:43:02","modified_gmt":"2021-02-18T12:43:02","slug":"ardal-maskinering","status":"publish","type":"page","link":"https:\/\/www.mazacam.de\/en\/organization\/reference-customers\/ardal-maskinering\/","title":{"rendered":"\u00c5rdal Maskinering"},"content":{"rendered":"\n<div class=\"wp-block-columns is-layout-flex wp-container-6 wp-block-columns-is-layout-flex\">\n<div class=\"wp-block-column is-layout-flow wp-block-column-is-layout-flow\" style=\"flex-basis:66.66%\">\n<h2 class=\"wp-block-heading\">About Ardal Maskinering<\/h2>\n\n\n\n<p>Aardal Maskinering was founded in 1997 by J\u00f8rn Arve \u00c5rdal, as the only employee. And with continuously growth ever since leading to the first expansion in 2003 a second expansion in 2009, and a third in 2020. From one single lathe to a production floor able to deal with the demanding parts whether it\u2019s turning, milling or additive manufacturing. Without own products our specialty is making sure our customers getting their parts made, leading to a modern and innovative machine shop.<\/p>\n\n\n\n<p><\/p>\n\n\n\n<h2 class=\"wp-block-heading\">Ardal Maskinering about MazaCAM<\/h2>\n\n\n\n<p>&#8220;With several Mazaks and an order by order-based production it\u2019s inevitable that the Mazatrol library becomes massive. Keeping track of programs in the tens of thousands certainly became a challenge over the years, and changes had to be made. This is when we discovered Mazacam. Its ability to store and transfer programs between the library and the machines, and translate between the different controllers (Smart, Matrix, Matrix2, Smooth\u2026.) with just a few buttons cuts down unwanted downtime drastically. Being able to program your Mazak on the computer (with added features outside of Mazatrol) is also a timesaver, and can help speed up the learning process without the need of occupying a machine.&#8221;<\/p>\n\n\n\n<figure class=\"wp-block-gallery columns-2 is-cropped wp-block-gallery-1 is-layout-flex wp-block-gallery-is-layout-flex\"><ul class=\"blocks-gallery-grid\"><li class=\"blocks-gallery-item\"><figure><img decoding=\"async\" loading=\"lazy\" width=\"1024\" height=\"768\" src=\"https:\/\/www.mazacam.de\/wp-content\/uploads\/2021\/02\/Aardal_prodpic2-1024x768.jpg\" alt=\"\" data-id=\"2351\" data-full-url=\"https:\/\/www.mazacam.de\/wp-content\/uploads\/2021\/02\/Aardal_prodpic2-scaled.jpg\" data-link=\"https:\/\/www.mazacam.de\/en\/aardal_prodpic2-2\/\" class=\"wp-image-2351\" srcset=\"https:\/\/www.mazacam.de\/wp-content\/uploads\/2021\/02\/Aardal_prodpic2-1024x768.jpg 1024w, https:\/\/www.mazacam.de\/wp-content\/uploads\/2021\/02\/Aardal_prodpic2-300x225.jpg 300w, https:\/\/www.mazacam.de\/wp-content\/uploads\/2021\/02\/Aardal_prodpic2-768x576.jpg 768w, https:\/\/www.mazacam.de\/wp-content\/uploads\/2021\/02\/Aardal_prodpic2-1536x1152.jpg 1536w, https:\/\/www.mazacam.de\/wp-content\/uploads\/2021\/02\/Aardal_prodpic2-2048x1536.jpg 2048w\" sizes=\"(max-width: 1024px) 100vw, 1024px\" \/><figcaption class=\"blocks-gallery-item__caption\">Working with MazaCAM<\/figcaption><\/figure><\/li><li class=\"blocks-gallery-item\"><figure><img decoding=\"async\" loading=\"lazy\" width=\"1024\" height=\"768\" src=\"https:\/\/www.mazacam.de\/wp-content\/uploads\/2021\/02\/Aardal_prodpic1-1024x768.jpg\" alt=\"\" data-id=\"2349\" data-full-url=\"https:\/\/www.mazacam.de\/wp-content\/uploads\/2021\/02\/Aardal_prodpic1-scaled.jpg\" data-link=\"https:\/\/www.mazacam.de\/en\/aardal_prodpic1-2\/\" class=\"wp-image-2349\" srcset=\"https:\/\/www.mazacam.de\/wp-content\/uploads\/2021\/02\/Aardal_prodpic1-1024x768.jpg 1024w, https:\/\/www.mazacam.de\/wp-content\/uploads\/2021\/02\/Aardal_prodpic1-300x225.jpg 300w, https:\/\/www.mazacam.de\/wp-content\/uploads\/2021\/02\/Aardal_prodpic1-768x576.jpg 768w, https:\/\/www.mazacam.de\/wp-content\/uploads\/2021\/02\/Aardal_prodpic1-1536x1152.jpg 1536w, https:\/\/www.mazacam.de\/wp-content\/uploads\/2021\/02\/Aardal_prodpic1-2048x1536.jpg 2048w\" sizes=\"(max-width: 1024px) 100vw, 1024px\" \/><figcaption class=\"blocks-gallery-item__caption\">Pure Mazak shopfloor<\/figcaption><\/figure><\/li><\/ul><\/figure>\n<\/div>\n\n\n\n<div class=\"wp-block-column is-layout-flow wp-block-column-is-layout-flow\" style=\"flex-basis:33.33%\">\n<h2 class=\"wp-block-heading\">MazaCAM products<\/h2>\n\n\n\n<p>3 X <a href=\"https:\/\/www.mazacam.de\/anwendungen\/mazacam-mazatrol-editor\/\" class=\"rank-math-link\">MazaCAM Editor<\/a><\/p>\n\n\n\n<p><\/p>\n\n\n\n<div style=\"height:30px\" aria-hidden=\"true\" class=\"wp-block-spacer\"><\/div>\n\n\n\n<h2 class=\"wp-block-heading\">Customer<\/h2>\n\n\n\n<figure class=\"wp-block-image size-large\"><img decoding=\"async\" loading=\"lazy\" width=\"600\" height=\"206\" src=\"https:\/\/www.mazacam.de\/wp-content\/uploads\/2020\/06\/mazacam-referenzkunden-aardal_maskinering.png\" alt=\"MazaCAM Referenzkunden Aardal Maskinering\" class=\"wp-image-776\" srcset=\"https:\/\/www.mazacam.de\/wp-content\/uploads\/2020\/06\/mazacam-referenzkunden-aardal_maskinering.png 600w, https:\/\/www.mazacam.de\/wp-content\/uploads\/2020\/06\/mazacam-referenzkunden-aardal_maskinering-300x103.png 300w\" sizes=\"(max-width: 600px) 100vw, 600px\" \/><\/figure>\n\n\n\n<p>\u00c5rdal Maskinering AS<br>Bjorhaugslett\u00e5 26<br>N-4365 N\u00e6rb\u00f8<\/p>\n\n\n\n<div class=\"wp-block-buttons is-layout-flex wp-block-buttons-is-layout-flex\">\n<div class=\"wp-block-button\"><a class=\"wp-block-button__link no-border-radius\" href=\"https:\/\/aardal.as\/\" target=\"_blank\" rel=\"noreferrer noopener\">Go to Ardal\u00b4s website<\/a><\/div>\n<\/div>\n<\/div>\n<\/div>\n\n\n\n<p><\/p>\n","protected":false},"excerpt":{"rendered":"About Ardal Maskinering Aardal Maskinering was founded in 1997 by J\u00f8rn Arve \u00c5rdal,[&#8230;]","protected":false},"author":5,"featured_media":776,"parent":960,"menu_order":19,"comment_status":"closed","ping_status":"closed","template":"","meta":{"footnotes":""},"acf":[],"_links":{"self":[{"href":"https:\/\/www.mazacam.de\/en\/wp-json\/wp\/v2\/pages\/1152"}],"collection":[{"href":"https:\/\/www.mazacam.de\/en\/wp-json\/wp\/v2\/pages"}],"about":[{"href":"https:\/\/www.mazacam.de\/en\/wp-json\/wp\/v2\/types\/page"}],"author":[{"embeddable":true,"href":"https:\/\/www.mazacam.de\/en\/wp-json\/wp\/v2\/users\/5"}],"replies":[{"embeddable":true,"href":"https:\/\/www.mazacam.de\/en\/wp-json\/wp\/v2\/comments?post=1152"}],"version-history":[{"count":0,"href":"https:\/\/www.mazacam.de\/en\/wp-json\/wp\/v2\/pages\/1152\/revisions"}],"up":[{"embeddable":true,"href":"https:\/\/www.mazacam.de\/en\/wp-json\/wp\/v2\/pages\/960"}],"wp:featuredmedia":[{"embeddable":true,"href":"https:\/\/www.mazacam.de\/en\/wp-json\/wp\/v2\/media\/776"}],"wp:attachment":[{"href":"https:\/\/www.mazacam.de\/en\/wp-json\/wp\/v2\/media?parent=1152"}],"curies":[{"name":"wp","href":"https:\/\/api.w.org\/{rel}","templated":true}]}}