{"id":1009,"date":"2020-03-06T12:18:43","date_gmt":"2020-03-06T11:18:43","guid":{"rendered":"https:\/\/mazacam.braindinx.de\/?page_id=1009"},"modified":"2020-06-29T12:27:34","modified_gmt":"2020-06-29T10:27:34","slug":"agb-2","status":"publish","type":"page","link":"https:\/\/www.mazacam.de\/en\/agb-2\/","title":{"rendered":"AGB"},"content":{"rendered":"\n<h2 class=\"wp-block-heading\">\u00a7 1 Geltungsbereich<\/h2>\n\n\n\n<p>(1) Diese Verkaufsbedingungen gelten ausschlie\u00dflich gegen\u00fcber \nUnternehmern, juristischen Personen des \u00f6ffentlichen Rechts oder \n\u00f6ffentlich-rechtlichen Sonderverm\u00f6gen im Sinne von \u00a7 310 Absatz 1 BGB. \nEntgegenstehende oder von unseren Verkaufsbedingungen abweichende \nBedingungen des Bestellers erkennen wir nur an, wenn wir ausdr\u00fccklich \nschriftlich der Geltung zustimmen.<\/p>\n\n\n\n<p>(2) Diese Verkaufsbedingungen gelten auch f\u00fcr alle zuk\u00fcnftigen \nGesch\u00e4fte mit dem Besteller, soweit es sich um Rechtsgesch\u00e4fte \nverwandter Art handelt (vorsorglich sollten die Verkaufsbedingungen in \njedem Fall der Auftragsbest\u00e4tigung beigef\u00fcgt werden).<\/p>\n\n\n\n<h2 class=\"wp-block-heading\">\u00a7 2 Angebot und Vertragsabschluss<\/h2>\n\n\n\n<p>Sofern eine Bestellung als Angebot gem\u00e4\u00df \u00a7 145 BGB anzusehen ist, k\u00f6nnen wir diese innerhalb von zwei Wochen annehmen.<\/p>\n\n\n\n<h2 class=\"wp-block-heading\">\u00a7 3 \u00dcberlassene Unterlagen<\/h2>\n\n\n\n<p>An allen in Zusammenhang mit der Auftragserteilung dem Besteller \n\u00fcberlassenen Unterlagen, wie z. B. Handb\u00fccher, Zeichnungen etc., \nbehalten wir uns Eigentums- und Urheberrechte vor. Diese Unterlagen \nd\u00fcrfen Dritten nicht zug\u00e4nglich gemacht werden, es sei denn, wir \nerteilen dazu dem Besteller unsere ausdr\u00fcckliche schriftliche \nZustimmung. Soweit wir das Angebot des Bestellers nicht innerhalb der \nFrist von \u00a7 2 annehmen, sind diese Unterlagen uns unverz\u00fcglich \nzur\u00fcckzusenden.<\/p>\n\n\n\n<h2 class=\"wp-block-heading\">\u00a7 4 Preise und Zahlung<\/h2>\n\n\n\n<p>(1) Sofern nichts Gegenteiliges schriftlich vereinbart wird, gelten \nunsere Preise ab Werk ausschlie\u00dflich Verpackung und zuz\u00fcglich \nMehrwertsteuer in jeweils g\u00fcltiger H\u00f6he des entsprechenden \nListenpreises. Kosten der Verpackung, und f\u00fcr den Versand, werden \ngesondert in Rechnung gestellt.<\/p>\n\n\n\n<p>(2) Die Zahlung des Kaufpreises hat ausschlie\u00dflich auf das in Angebot\n und Rechnung genannte Konto zu erfolgen. Der Abzug von Skonto ist nur \nbei schriftlicher besonderer Vereinbarung zul\u00e4ssig.<\/p>\n\n\n\n<p>(3) Sofern nichts anderes schriftlich vereinbart wird, sind 60% des \nKaufpreises (f\u00fcr Soft und Hardware) sofort nach Bestellung zu zahlen.&nbsp; \nRestzahlungen nach erfolgter Lieferung. Rechnungsstellung f\u00fcr \nDienstleistungen erfolgt sofort nach Ausf\u00fchrung.&nbsp; Das Zahlungsziel \nbetr\u00e4gt, jeweils,&nbsp; 10 Werktage nach Rechnungsstellung.<\/p>\n\n\n\n<p>(Verzugszinsen werden in H\u00f6he von 2,5 % des Netto Waren.- oder \nDienstleistungswertes geltend gemacht, sofern 30 Tage nach \nRechnungsstellung oder Lieferung keine Zahlung erfolgt). Die \nGeltendmachung eines h\u00f6heren Verzugsschadens bleibt vorbehalten.<\/p>\n\n\n\n<p>(4) Sofern keine Festpreisabrede getroffen wurde, bleiben angemessene\n Preis\u00e4nderungen wegen ver\u00e4nderter Lohn-, Material- und Vertriebskosten \nf\u00fcr Lieferungen, die 3 Monate oder sp\u00e4ter nach Vertragsabschluss \nerfolgen, vorbehalten.<\/p>\n\n\n\n<p>(5) Bei Vertragsr\u00fccktritt durch den Kunden und\/oder Stornierung der \nBestellung, ohne vorherige Absprache, oder trifftigen Grund, werden dem \nKunden 20% des Netto-Warenwertes oder Dienstleistungswertes in Rechnung \ngestellt.<\/p>\n\n\n\n<p>(6) Bei Vertragsr\u00fccktritt durch den Kunden und\/oder Stornierung der \nBestellung, mit vorherige Absprache, oder nach einem vereinbartem \nTestzeitraum, werden dem Kunden bereits gezahlte Betr\u00e4ge f\u00fcr Software, \nund Hardware zur\u00fcckerstattet. Voraussetzung f\u00fcr eine R\u00fcckerstattung ist \ndie R\u00fccksendung der gesamten Lieferung, an unsere Firmenadresse, per \nEinschreiben. Dienstleistungen sind von der R\u00fcckerstattung \nausgeschlossen und werden, auch f\u00fcr Testzeitr\u00e4ume, zu den aktuellen \nListenpreisen, voll in Rechnung gestellt.<\/p>\n\n\n\n<h2 class=\"wp-block-heading\">\u00a7 5 Aufrechnung und Zur\u00fcckbehaltungsrechte<\/h2>\n\n\n\n<p>Dem Besteller steht das Recht zur Aufrechnung nur zu, wenn seine \nGegenanspr\u00fcche rechtskr\u00e4ftig festgestellt oder unbestritten sind. Zur \nAus\u00fcbung eines Zur\u00fcckbehaltungsrechts ist der Besteller nur insoweit \nbefugt, als sein Gegenanspruch auf dem gleichen Vertragsverh\u00e4ltnis \nberuht.<\/p>\n\n\n\n<h2 class=\"wp-block-heading\">\u00a7 6 Lieferzeit<\/h2>\n\n\n\n<p>(1) Der Beginn der von uns angegebenen Lieferzeit setzt die \nrechtzeitige und ordnungsgem\u00e4\u00dfe Erf\u00fcllung der Verpflichtungen des \nBestellers voraus. Die Lieferung erfolgt erst nach Eingang der Anzahlung\n (siehe \u00a74-3), auf unser Gesch\u00e4ftskonto. Die Einrede des nicht erf\u00fcllten\n Vertrages bleibt vorbehalten.<\/p>\n\n\n\n<p>(2) Kommt der Besteller in Annahmeverzug oder verletzt er schuldhaft \nsonstige Mitwirkungspflichten, so sind wir berechtigt, den uns insoweit \nentstehenden Schaden, einschlie\u00dflich etwaiger Mehraufwendungen ersetzt \nzu verlangen. Weitergehende Anspr\u00fcche bleiben vorbehalten. Sofern \nvorstehende Voraussetzungen vorliegen, geht die Gefahr eines zuf\u00e4lligen \nUntergangs oder einer zuf\u00e4lligen Verschlechterung der Kaufsache in dem \nZeitpunkt auf den Besteller \u00fcber, in dem dieser in Annahme- oder \nSchuldnerverzug geraten ist.<\/p>\n\n\n\n<p>(3) Wir haften nicht im Fall des von uns nicht vors\u00e4tzlich, oder grob fahrl\u00e4ssig herbeigef\u00fchrten Lieferverzugs.<\/p>\n\n\n\n<p>(4) Weitere gesetzliche Anspr\u00fcche und Rechte des Bestellers wegen eines Lieferverzuges bleiben unber\u00fchrt.<\/p>\n\n\n\n<p>(5) Sollte ein Lieferverzug absehbar sein, wird der Besteller umgehend von uns benachrichtigt.<\/p>\n\n\n\n<p>(6) Der Abruf (Termin der Lieferung\/Ausf\u00fchrung) der Bestellung\/des \nAuftrags muss innerhalb von max. 3 Monaten nach Eingang erfolgen. Sollte\n der Abruf nicht innerhalb von max. 3 Monaten nach Eingang der \nBestellung erfolgen so sind wir berechtigt den vollen Auftragswert auch \nvor Lieferung\/Ausf\u00fchrung, in Rechnung zu stellen.<\/p>\n\n\n\n<h2 class=\"wp-block-heading\">\u00a7 7 Gefahr\u00fcbergang bei Versendung<\/h2>\n\n\n\n<p>Wird die Ware auf Wunsch des Bestellers an diesen versandt, so geht \nmit der Absendung an den Besteller, sp\u00e4testens mit Verlassen des \nWerks\/Lagers die Gefahr des zuf\u00e4lligen Untergangs oder der zuf\u00e4lligen \nVerschlechterung der Ware auf den Besteller \u00fcber. Dies gilt unabh\u00e4ngig \ndavon, ob die Versendung der Ware vom Erf\u00fcllungsort erfolgt oder wer die\n Frachtkosten tr\u00e4gt.<\/p>\n\n\n\n<h2 class=\"wp-block-heading\">\u00a7 8 Eigentumsvorbehalt<\/h2>\n\n\n\n<p>(1) Wir behalten uns das Eigentum an der gelieferten Sache bis zur \nvollst\u00e4ndigen Zahlung s\u00e4mtlicher Forderungen aus dem Liefervertrag vor. \nDies gilt auch f\u00fcr alle zuk\u00fcnftigen Lieferungen, auch wenn wir uns nicht\n stets ausdr\u00fccklich hierauf berufen. Wir sind berechtigt, die Kaufsache \nzur\u00fcckzunehmen, wenn der Besteller sich vertragswidrig verh\u00e4lt.<\/p>\n\n\n\n<p>(2) Der Besteller ist verpflichtet, solange das Eigentum noch nicht \nauf ihn \u00fcbergegangen ist, die Kaufsache pfleglich zu behandeln. \nInsbesondere ist er verpflichtet, diese auf eigene Kosten gegen \nDiebstahl-, Feuer- und Wassersch\u00e4den ausreichend zum Neuwert zu \nversichern (Hinweis: nur zul\u00e4ssig bei Verkauf hochwertiger G\u00fcter). \nSolange das Eigentum noch nicht \u00fcbergegangen ist, hat uns der Besteller \nunverz\u00fcglich schriftlich zu benachrichtigen, wenn der gelieferte \nGegenstand gepf\u00e4ndet oder sonstigen Eingriffen Dritter ausgesetzt ist.<\/p>\n\n\n\n<p>Soweit der Dritte nicht in der Lage ist, uns die gerichtlichen und \nau\u00dfergerichtlichen Kosten einer Klage gem\u00e4\u00df \u00a7 771 ZPO zu erstatten, \nhaftet der Besteller f\u00fcr den uns entstandenen Ausfall.<\/p>\n\n\n\n<p>(3) Der Besteller ist zur Weiterver\u00e4u\u00dferung der Vorbehaltsware im \nnormalen Gesch\u00e4ftsverkehr berechtigt. Die Forderungen des Abnehmers aus \nder Weiterver\u00e4u\u00dferung der Vorbehaltsware tritt der Besteller schon jetzt\n an uns in H\u00f6he des mit uns vereinbarten Faktura-Endbetrages \n(einschlie\u00dflich Mehrwertsteuer) ab. Diese Abtretung gilt unabh\u00e4ngig \ndavon, ob die Kaufsache ohne oder nach Verarbeitung weiterverkauft \nworden ist. Der Besteller bleibt zur Einziehung der Forderung auch nach \nder Abtretung erm\u00e4chtigt. Unsere Befugnis, die Forderung selbst \neinzuziehen, bleibt davon unber\u00fchrt. Wir werden jedoch die Forderung \nnicht einziehen, solange der Besteller seinen Zahlungsverpflichtungen \naus den vereinnahmten Erl\u00f6sen nachkommt, nicht in Zahlungsverzug ist und\n insbesondere kein Antrag auf Er\u00f6ffnung eines Insolvenzverfahrens \ngestellt ist oder Zahlungseinstellung vorliegt. [Anmerkung: Diese \nKlausel entf\u00e4llt, wenn kein verl\u00e4ngerter Eigentumsvorbehalt gewollt \nist.]<\/p>\n\n\n\n<p>(4) Wir verpflichten uns, die uns zustehenden Sicherheiten auf \nVerlangen des Bestellers freizugeben, soweit ihr Wert die zu sichernden \nForderungen um mehr als 20 % \u00fcbersteigt.<\/p>\n\n\n\n<h2 class=\"wp-block-heading\">\u00a7 9 Gew\u00e4hrleistung und M\u00e4ngelr\u00fcge sowie R\u00fcckgriff\/Herstellerregress\/Supportleistungen<\/h2>\n\n\n\n<p>(1) Gew\u00e4hrleistungsrechte des Bestellers setzen voraus, dass dieser \nseinen nach \u00a7 377 HGB geschuldeten Untersuchungs- und R\u00fcgeobliegenheiten\n ordnungsgem\u00e4\u00df nachgekommen ist.<\/p>\n\n\n\n<p>(2) M\u00e4ngelanspr\u00fcche verj\u00e4hren in 12 Monaten nach erfolgter \nAblieferung der von uns gelieferten Ware bei unserem Besteller (Hinweis:\n bei dem Verkauf gebrauchter G\u00fcter kann die Gew\u00e4hrleistungsfrist ganz \nausgeschlossen werden). Vor etwaiger R\u00fccksendung der Ware ist unsere \nZustimmung einzuholen.<\/p>\n\n\n\n<p>(3) Sollte trotz aller aufgewendeter Sorgfalt die gelieferte Ware \noder Dienstleistung einen Mangel aufweisen, der bereits zum Zeitpunkt \ndes Gefahr\u00fcbergangs vorlag, so werden wir die Ware, vorbehaltlich \nfristgerechter M\u00e4ngelr\u00fcge nach unserer Wahl nachbessern oder Ersatzware \nliefern, oder die Dienstleistung \u00fcberpr\u00fcfen und\/oder ausbessern. Es ist \nuns stets Gelegenheit zur Nacherf\u00fcllung innerhalb angemessener Frist zu \ngeben. Solche Nacherf\u00fcllungen werden nur erbracht wenn das Arbeiten mit \ndem Produkt, in vorhandener Form, f\u00fcr den Kunden unm\u00f6glich ist, oder die\n Ausgabe fehlerhaft ist. R\u00fcckgriffsanspr\u00fcche bleiben von vorstehender \nRegelung ohne Einschr\u00e4nkung unber\u00fchrt.<\/p>\n\n\n\n<p><strong>Hinweis:<\/strong><\/p>\n\n\n\n<p>In der Benutzeroberfl\u00e4che der Softwareproduktes kann es zu \nAbweichungen, im Vergleich mit der Benutzeroberfl\u00e4che, und Ausrichtung \nder Maschinen, oder der Darstellung kommen. Diese Abweichungen sind nur \noptischern Natur, und\/oder noch nicht erg\u00e4nzte \u00dcbersetzungen. Die \nFunktionalit\u00e4t des Softwareprodukte wird dadurch nicht eingeschr\u00e4kt. \nDiese Abweichungen stellen keinen Mangel dar und sind kein hinreichender\n Grund f\u00fcr eine R\u00fcckgabe des Produkts, eine Einbehaltung der Zahlung, \noder eine Minderung der Zahlung dar. Sollte uns eine solche Abweichung \ngemeldet werden versuchen wir dies schnellstm\u00f6glich nachzubessern, und \nzu beheben. Eine solche Nachbesserung erfolgt nur innerhalb der \nGew\u00e4hrleistung, oder wenn eine Wartungsvereinbarung getroffen wurde.<\/p>\n\n\n\n<p>(4) Schl\u00e4gt die Nacherf\u00fcllung fehl, kann der Besteller \u2013 unbeschadet \netwaiger Schadensersatzanspr\u00fcche \u2013 vom Vertrag zur\u00fccktreten oder die \nVerg\u00fctung mindern.<\/p>\n\n\n\n<p>Bei Vertragsr\u00fccktritt l\u00e4nger als 1. Monat nach \nVertragsbeginn\/Lieferung behalten wir uns vor die entsprechende \nNutzungsdauer in Rechnung zu stellen da davon auszugehen ist das der \nKunde einen Gro\u00dfteil des Produktes f\u00fcr seine Produktion nutzen konnte.<\/p>\n\n\n\n<p>(5) M\u00e4ngelanspr\u00fcche bestehen nicht, bei nur unerheblicher Abweichung \nvon der vereinbarten Beschaffenheit, bei nur unerheblicher \nBeeintr\u00e4chtigung der Brauchbarkeit, bei nat\u00fcrlicher Abnutzung oder \nVerschlei\u00df wie bei Sch\u00e4den, die nach dem Gefahr\u00fcbergang infolge \nfehlerhafter oder nachl\u00e4ssiger Behandlung, \u00fcberm\u00e4\u00dfiger Beanspruchung, \nungeeigneter Betriebsmittel, mangelhafter technischer und baulischer \nUmsetzung, oder aufgrund besonderer \u00e4u\u00dferer Einfl\u00fcsse entstehen, die \nnach dem Vertrag nicht vorausgesetzt sind. Werden vom Besteller oder \nDritten unsachgem\u00e4\u00df Instandsetzungsarbeiten oder \u00c4nderungen vorgenommen,\n so bestehen f\u00fcr diese und die daraus entstehenden Folgen ebenfalls \nkeine M\u00e4ngelanspr\u00fcche.<\/p>\n\n\n\n<p>(6) Anspr\u00fcche des Bestellers wegen der zum Zweck der Nacherf\u00fcllung \nerforderlichen Aufwendungen, insbesondere Transport-, Wege-, Arbeits- \nund Materialkosten, sind ausgeschlossen, soweit die Aufwendungen sich \nerh\u00f6hen, weil die von uns gelieferte Ware nachtr\u00e4glich an einen anderen \nOrt als die Niederlassung des Bestellers verbracht worden ist, es sei \ndenn, die Verbringung entspricht ihrem bestimmungsgem\u00e4\u00dfen Gebrauch.<\/p>\n\n\n\n<p>(7) R\u00fcckgriffsanspr\u00fcche des Bestellers gegen uns bestehen nur \ninsoweit, als der Besteller mit seinem Abnehmer keine \u00fcber die \ngesetzlich zwingenden M\u00e4ngelanspr\u00fcche hinausgehenden Vereinbarungen \ngetroffen hat. F\u00fcr den Umfang des R\u00fcckgriffsanspruches des Bestellers \ngegen den Lieferer gilt ferner Absatz 6 entsprechend.<\/p>\n\n\n\n<p>(8) Erstellung von CNC-Programmen in Kundenauftrag::<\/p>\n\n\n\n<p>Eine von der Firma Thomas Lomoth \u2013 MazaCAM Deutschland erbrachte \nDienstleistung, in Form von Programmierung eines CNC-Programmes f\u00fcr \nWerkzeugmaschinen, setzt seitens des Bestellers eine komplette \n\u00dcberpr\u00fcfung der Dienstleistung bzw. des gelieferten Programmes, vor \nBenutzung, voraus. Wir \u00fcbernehmen keinerlei Haftung f\u00fcr Sch\u00e4den die \nInfolge unachtsamer Handhabung enstehen. Die Firma Thomas Lomoth \u2013 \nMazaCAM Deutschland haftet nicht f\u00fcr Sch\u00e4den an Mensch, Maschine und \nMaterial die durch Verwendung eines von ihr gelieferten Programmes \nentstehen. Desweiteren wird keine Haftung f\u00fcr Bearbeitungsfehler \n\u00fcbernommen, die Aufgrund eines Fehlerhaften Programmes entstehen. Alle \nvon ihr gelieferten Programme sind, vor Benutzung, grunds\u00e4tzlich von \nausreichend qualifiziertem Fachpersonal auf Ihre Richtigkeit und \nLauff\u00e4higkeit zu \u00fcberpr\u00fcfen. Sollten M\u00e4ngel an einem Programm \nfestgestellt werden ist der Firma Thomas Lomoth \u2013 MazaCAM Deutschland \ndies unverz\u00fcglich mitzuteilen und gegebenfalls Gelegenheit zur \nNachbesserung einzur\u00e4umen. Der Besteller verpflichtet sich alle \nProgramme die von der Firma Thomas Lomoth \u2013 MazaCAM Deutschland f\u00fcr Ihn \nin Dienstleistung erstellt wurden von ausreichend qualifiziertem \nFachpersonal \u00fcberpr\u00fcfen und verwenden zu lassen.<\/p>\n\n\n\n<p>(9) Schulungen und Einweisungen:<\/p>\n\n\n\n<p>Die Firma Thomas Lomoth \u2013 MazaCAM Deutschland , deren Mitarbeiter, \nund beauftragte Firmen haften nicht, f\u00fcr w\u00e4hrend der Schulung oder \nEinweisung verursachte Sch\u00e4den an Mensch, Maschine und Material. Die \nFirma Thomas Lomoth \u2013 MazaCAM Deutschland , deren Mitarbeiter, und \nbeauftragte Firmen k\u00f6nnen nicht f\u00fcr Sch\u00e4den haftbar gemacht werden, die \nInfolge oder w\u00e4hrend der Schulung auftreten. Die Sorgfaltspflicht liegt \nw\u00e4hrend, und nach der Schulung, beim Bediener.<\/p>\n\n\n\n<p>(10) Software:<\/p>\n\n\n\n<p>Die Pflicht die Ausgaben der Systeme MazaCAM und Geopath CAD\/CAM zu \n\u00fcberpr\u00fcfen liegt beim K\u00e4ufer und dem Bediener. Die Systeme MazaCAM und \nGeopath CAD\/CAM dienen nur zur Unterst\u00fctzung bei der Erstellung von \nCNC-Programmen. Das Ergebniss muss in jedem Fall, von ausreichend \nqualifiziertem Fachpersonal, \u00fcberpr\u00fcft werden. Die \u00dcberpr\u00fcfung muss, in \njedem Fall, vor Bearbeitung und Inbetriebnahme auf einer \nWerkzeugmaschine \u00fcberpr\u00fcft werden. Die Firmen Thomas Lomoth \u2013 MazaCAM \nDeutschland und SolutionWare Corporation \u00fcbernehmen keinerlei Haftung, \nVerantwortung, oder Gew\u00e4hrleistung f\u00fcr Sch\u00e4den an Mensch, Maschine und \nMaterial, sowie f\u00fcr Bearbeitungsfehler.<\/p>\n\n\n\n<p>(12)Wartung und Support:<\/p>\n\n\n\n<p>Sofern keiner andere, schriftliche, Vereinbarung vorliegt werden \nkostenfreie Supportleistungen f\u00fcr eines unserer Softwareprodukte nur \ninnerhalb der ersten drei Monate nach Lieferung erbracht. Die \nSupportleistungen umfassen Hilfestellung bei Problemen mit der Bedienung\n der jeweiligen Softwaremodule, sowie Beseitigung von, \nSoftwarebedingten, Systemst\u00f6rungen. Der Support wird per Telefon, Email,\n oder Fernwartung\/Remote-Control erbracht. Sollte eine Systemst\u00f6rung \neines unserer Softwareprodukte, nachweislich, durch einen \nBedienerfehler, und oder andere Software, oder Hardware verursacht \nworden sein, so behalten wir uns vor die tats\u00e4chliche Arbeitszeit \nunserer Mitarbeiter in Rechnung zu stellen. Voraussetzung f\u00fcr eine \nSupportleistung ist die vollst\u00e4ndige Bezahlung des Softwareproduktes. \nSofern keine Wartungsvereinbarung f\u00fcr ein erworbenes \nSoftwareprodukt\/Paket besteht behalten wir uns vor \nSupportdienstleistungen, die nach einem Zeitraum von 90 Tagen, nach \nErwerb, erbracht werden, mit der tats\u00e4chlichen Arbeitszeit unserer \nMitarbeiter in Rechnung zu stellen.<\/p>\n\n\n\n<p>( Entgelt f\u00fcr Supportdienstleistungen = 105,00\u20ac\/Std; die Abrechnung erfolgt nach realem Zeitaufwandaufwand, im 1\/4Std. Takt)<\/p>\n\n\n\n<p>Der Kunde kann eine Wartungsvereinbarung f\u00fcr die erworbenen \nSoftwareprodukte bestellen. Wird vom Kunden Wartung und Support \nbestellt, gilt diese Wartungsvereinbarung f\u00fcr ein Jahr ab Bestelldatum. \nDie Wartungsvereinbarung verl\u00e4ngert sich automatisch um ein weiteres \nJahr, zum aktuell g\u00fcltigen Listenpreis, wenn nicht 3 Monate vor Ablauf \neines Vertragsjahres, schriftlich, gek\u00fcndigt wird. Dies gilt auch bei \nVereinbarung von Sonderkonditionen. Der Wartungspreis gilt jeweils pro \nJahr und Lizenz. Die Wartungsvereinbarung umfasst folgende Leistungen:<\/p>\n\n\n\n<p>-Hotline Service<br>\n-Softwareupdates<br>\n-Online-Support und Fernwartung<br>\n-Fehlerbearbeitung<br>\n-Zugang zum Kundenbereich auf www.MazaCAM.de<\/p>\n\n\n\n<h2 class=\"wp-block-heading\">\u00a7 10 Sonstiges<\/h2>\n\n\n\n<p>(1) Dieser Vertrag und die gesamten Rechtsbeziehungen der Parteien \nunterliegen dem Recht der Bundesrepublik Deutschland unter Ausschluss \ndes UN-Kaufrechts (CISG).<\/p>\n\n\n\n<p>(2) Erf\u00fcllungsort und ausschlie\u00dflicher Gerichtsstand und f\u00fcr alle \nStreitigkeiten aus diesem Vertrag ist der Gesch\u00e4ftssitz der Firma Thomas\n Lomoth \u2013 MazaCAM Deutschland , sofern sich aus der Auftragsbest\u00e4tigung \nnichts anderes ergibt.<\/p>\n\n\n\n<p>(3) Alle Vereinbarungen, die zwischen den Parteien zwecks Ausf\u00fchrung \ndieses Vertrages getroffen werden, sind in diesem Vertrag schriftlich \nniedergelegt.<\/p>\n\n\n\n<p>(4) Sollten einzelne Bestimmungen dieses Vertrages unwirksam sein \noder&nbsp; eine L\u00fccke enthalten, so bleiben die \u00fcbrigen Bestimmungen hiervon \nunber\u00fchrt. Die Parteien verpflichten sich, anstelle der unwirksamen \nVertragsbestandteile neue Bedingungen auszuhandeln.<\/p>\n\n\n\n<p>(5) Wir liefern grunds\u00e4tzlich nur zu unseren allgemeinen \nGesch\u00e4ftsbedingungen. Mit Bestellung laut Angebot akzeptiert der Kunde \ndiese Regelung. Andere Gesch\u00e4fts.- und Einkaufbedingungen werden von uns\n nicht akzeptiert.<\/p>\n","protected":false},"excerpt":{"rendered":"\u00a7 1 Geltungsbereich (1) Diese Verkaufsbedingungen gelten ausschlie\u00dflich gegen\u00fcber Unternehmern, juristischen Personen des[&#8230;]","protected":false},"author":5,"featured_media":0,"parent":0,"menu_order":133,"comment_status":"closed","ping_status":"closed","template":"","meta":{"footnotes":""},"acf":[],"_links":{"self":[{"href":"https:\/\/www.mazacam.de\/en\/wp-json\/wp\/v2\/pages\/1009"}],"collection":[{"href":"https:\/\/www.mazacam.de\/en\/wp-json\/wp\/v2\/pages"}],"about":[{"href":"https:\/\/www.mazacam.de\/en\/wp-json\/wp\/v2\/types\/page"}],"author":[{"embeddable":true,"href":"https:\/\/www.mazacam.de\/en\/wp-json\/wp\/v2\/users\/5"}],"replies":[{"embeddable":true,"href":"https:\/\/www.mazacam.de\/en\/wp-json\/wp\/v2\/comments?post=1009"}],"version-history":[{"count":1,"href":"https:\/\/www.mazacam.de\/en\/wp-json\/wp\/v2\/pages\/1009\/revisions"}],"predecessor-version":[{"id":2470,"href":"https:\/\/www.mazacam.de\/en\/wp-json\/wp\/v2\/pages\/1009\/revisions\/2470"}],"wp:attachment":[{"href":"https:\/\/www.mazacam.de\/en\/wp-json\/wp\/v2\/media?parent=1009"}],"curies":[{"name":"wp","href":"https:\/\/api.w.org\/{rel}","templated":true}]}}